{"id":2,"date":"2020-06-03T21:38:06","date_gmt":"2020-06-03T21:38:06","guid":{"rendered":"https:\/\/essentials.pixfort.com\/corporate\/?page_id=2"},"modified":"2021-04-02T11:49:41","modified_gmt":"2021-04-02T09:49:41","slug":"o-nas","status":"publish","type":"page","link":"https:\/\/studioroletka.pl\/index.php\/o-nas\/","title":{"rendered":"O nas"},"content":{"rendered":"\t\t<div data-elementor-type=\"wp-page\" data-elementor-id=\"2\" class=\"elementor elementor-2\">\n\t\t\t\t\t\t<div class=\"elementor-inner\">\n\t\t\t\t<div class=\"elementor-section-wrap\">\n\t\t\t\t\t\t\t\t\t<section class=\"elementor-section elementor-top-section elementor-element elementor-element-57ea6e69 elementor-section-boxed elementor-section-height-default elementor-section-height-default\" data-id=\"57ea6e69\" data-element_type=\"section\">\n\t\t\t\t\t\t<div class=\"elementor-container elementor-column-gap-default\">\n\t\t\t\t\t\t\t<div class=\"elementor-row\">\n\t\t\t\t\t<div class=\"elementor-column elementor-col-100 elementor-top-column elementor-element elementor-element-2e478f3e\" data-id=\"2e478f3e\" data-element_type=\"column\">\n\t\t\t<div class=\"elementor-column-wrap elementor-element-populated\">\n\t\t\t\t\t\t\t<div class=\"elementor-widget-wrap\">\n\t\t\t\t\t\t<div class=\"elementor-element elementor-element-3e1122c6 elementor-widget elementor-widget-pix-badge\" data-id=\"3e1122c6\" data-element_type=\"widget\" data-widget_type=\"pix-badge.default\">\n\t\t\t\t<div class=\"elementor-widget-container\">\n\t\t\t<div class=\"pix-element-div w-100 text-center\"><h6 class=\"d-inline-block mr-1 \"  ><span class=\"badge font-weight-bold bg-orange  \" style=\" \"><span class=\"text-white\" style=\"\">Kim jeste\u015bmy<\/span><\/span><\/h6><\/div>\t\t<\/div>\n\t\t\t\t<\/div>\n\t\t\t\t<div class=\"elementor-element elementor-element-1ed30aff elementor-widget elementor-widget-pix-sliding-text\" data-id=\"1ed30aff\" data-element_type=\"widget\" data-widget_type=\"pix-sliding-text.default\">\n\t\t\t\t<div class=\"elementor-widget-container\">\n\t\t\t<div class=\"mb-3 text-center \"><h3 class=\"mb-32 pix-sliding-headline font-weight-bold secondary-font\" data-class=\"text-dark-opacity-8\" data-style=\"\">W czym mo\u017cemy pom\u00f3c? \ud83d\ude42<\/h3><\/div>\t\t<\/div>\n\t\t\t\t<\/div>\n\t\t\t\t<div class=\"elementor-element elementor-element-1f11d4c8 elementor-invisible elementor-widget elementor-widget-pix-text\" data-id=\"1f11d4c8\" data-element_type=\"widget\" data-widget_type=\"pix-text.default\">\n\t\t\t\t<div class=\"elementor-widget-container\">\n\t\t\t<div class=\"slide-in-container w-100 text-center \" ><div class=\"d-inline-block\" style=\"max-width:600px;\"><p class=\"text-20  text-body-default text-center \" ><span class=\"animate-in d-inline-block\" data-anim-delay=\"1200\" data-anim-type=\"fade-in-up\">Pomiar okien, pomoc w doborze tkaniny oraz rodzaju rolet, szybki i profesjonalny monta\u017c, a wszystko to w rozs\u0105dnych cenach.<\/span><\/p><\/div><\/div>\t\t<\/div>\n\t\t\t\t<\/div>\n\t\t\t\t\t\t<\/div>\n\t\t\t\t\t<\/div>\n\t\t<\/div>\n\t\t\t\t\t\t\t\t<\/div>\n\t\t\t\t\t<\/div>\n\t\t<\/section>\n\t\t\t\t<section class=\"elementor-section elementor-top-section elementor-element elementor-element-5b97b0c6 elementor-section-stretched elementor-section-full_width elementor-section-height-default elementor-section-height-default\" data-id=\"5b97b0c6\" data-element_type=\"section\" data-settings=\"{&quot;stretch_section&quot;:&quot;section-stretched&quot;}\">\n\t\t\t\t\t\t<div class=\"elementor-container elementor-column-gap-default\">\n\t\t\t\t\t\t\t<div class=\"elementor-row\">\n\t\t\t\t\t<div class=\"elementor-column elementor-col-33 elementor-top-column elementor-element elementor-element-35c47118\" data-id=\"35c47118\" data-element_type=\"column\">\n\t\t\t<div class=\"elementor-column-wrap\">\n\t\t\t\t\t\t\t<div class=\"elementor-widget-wrap\">\n\t\t\t\t\t\t\t\t<\/div>\n\t\t\t\t\t<\/div>\n\t\t<\/div>\n\t\t\t\t<div class=\"elementor-column elementor-col-33 elementor-top-column elementor-element elementor-element-3fab4bf0\" data-id=\"3fab4bf0\" data-element_type=\"column\">\n\t\t\t<div class=\"elementor-column-wrap elementor-element-populated\">\n\t\t\t\t\t\t\t<div class=\"elementor-widget-wrap\">\n\t\t\t\t\t\t<section class=\"elementor-section elementor-inner-section elementor-element elementor-element-55bbc657 sticky-top pix-sticky-top-adjust elementor-section-boxed elementor-section-height-default elementor-section-height-default\" data-id=\"55bbc657\" data-element_type=\"section\">\n\t\t\t\t\t\t<div class=\"elementor-container elementor-column-gap-default\">\n\t\t\t\t\t\t\t<div class=\"elementor-row\">\n\t\t\t\t\t<div class=\"elementor-column elementor-col-100 elementor-inner-column elementor-element elementor-element-1348663e\" data-id=\"1348663e\" data-element_type=\"column\">\n\t\t\t<div class=\"elementor-column-wrap elementor-element-populated\">\n\t\t\t\t\t\t\t<div class=\"elementor-widget-wrap\">\n\t\t\t\t\t\t<div class=\"elementor-element elementor-element-260dc402 elementor-widget elementor-widget-pix-sliding-text\" data-id=\"260dc402\" data-element_type=\"widget\" data-widget_type=\"pix-sliding-text.default\">\n\t\t\t\t<div class=\"elementor-widget-container\">\n\t\t\t<div class=\"mb-3 text-center \"><div class=\"d-inline-block\" style=\"max-width:800px;\"><h2 class=\"mb-32 pix-sliding-headline font-weight-bold secondary-font\" data-class=\"text-heading-default\" data-style=\"\">Co mo\u017cemy powiedzie\u0107<br> \no sobie?<\/h2><\/div><\/div>\t\t<\/div>\n\t\t\t\t<\/div>\n\t\t\t\t<div class=\"elementor-element elementor-element-fcf3c05 elementor-widget elementor-widget-text-editor\" data-id=\"fcf3c05\" data-element_type=\"widget\" data-widget_type=\"text-editor.default\">\n\t\t\t\t<div class=\"elementor-widget-container\">\n\t\t\t\t\t\t\t\t<div class=\"elementor-text-editor elementor-clearfix\">\n\t\t\t\t<p style=\"text-align: center;\">Lubimy wyzwania ,dlatego zadowolenie naszych klient\u00f3w nap\u0119dza nas do dzia\u0142ania. Naszym celem jest by\u015b i Ty czu\u0142 si\u0119 dobrze w swoim domu. Ch\u0119tnie przyjedziemy i doradzimy <br \/>w wyborze. Przedstawimy nowoczesne rozwi\u0105zania, kt\u00f3re b\u0119d\u0105 idealnym uzupe\u0142nieniem Twojego domu lub biura. Wysoka jako\u015b\u0107 i r\u00f3\u017cnorodno\u015b\u0107 naszej oferty sprosta nawet najwi\u0119kszym wymaganiom, a dobrze dobrana tkanina podkre\u015bli styl Twojego wn\u0119trza, jednocze\u015bnie dbaj\u0105c o Twoj\u0105 prywatno\u015b\u0107.<\/p>\t\t\t\t\t<\/div>\n\t\t\t\t\t\t<\/div>\n\t\t\t\t<\/div>\n\t\t\t\t\t\t<\/div>\n\t\t\t\t\t<\/div>\n\t\t<\/div>\n\t\t\t\t\t\t\t\t<\/div>\n\t\t\t\t\t<\/div>\n\t\t<\/section>\n\t\t\t\t<div class=\"elementor-element elementor-element-332db04c elementor-widget__width-auto elementor-widget elementor-widget-pix-button\" data-id=\"332db04c\" data-element_type=\"widget\" data-widget_type=\"pix-button.default\">\n\t\t\t\t<div class=\"elementor-widget-container\">\n\t\t\t<a href=\"http:\/\/studioroletka.pl\/index.php\/kontakt\/\" class=\"btn m-0    shadow-inverse-sm shadow-inverse-hover-sm scale-inverse-sm text-heading-default btn-white d-inline-block      animate-in btn-lg\"   data-anim-type=\"fade-in-up\" data-anim-delay=\"1200\" ><i class=\"font-weight-bold pixicon-messages-2   mr-1\"><\/i> <span class=\"font-weight-bold \" >Napisz do nas<\/span><\/a>\t\t<\/div>\n\t\t\t\t<\/div>\n\t\t\t\t<div class=\"elementor-element elementor-element-ccfab8b elementor-widget elementor-widget-spacer\" data-id=\"ccfab8b\" data-element_type=\"widget\" data-widget_type=\"spacer.default\">\n\t\t\t\t<div class=\"elementor-widget-container\">\n\t\t\t\t\t<div class=\"elementor-spacer\">\n\t\t\t<div class=\"elementor-spacer-inner\"><\/div>\n\t\t<\/div>\n\t\t\t\t<\/div>\n\t\t\t\t<\/div>\n\t\t\t\t\t\t<\/div>\n\t\t\t\t\t<\/div>\n\t\t<\/div>\n\t\t\t\t<div class=\"elementor-column elementor-col-33 elementor-top-column elementor-element elementor-element-6ee175b9\" data-id=\"6ee175b9\" data-element_type=\"column\">\n\t\t\t<div class=\"elementor-column-wrap\">\n\t\t\t\t\t\t\t<div class=\"elementor-widget-wrap\">\n\t\t\t\t\t\t\t\t<\/div>\n\t\t\t\t\t<\/div>\n\t\t<\/div>\n\t\t\t\t\t\t\t\t<\/div>\n\t\t\t\t\t<\/div>\n\t\t<\/section>\n\t\t\t\t\t\t\t\t\t<\/div>\n\t\t\t<\/div>\n\t\t\t\t\t<\/div>\n\t\t","protected":false},"excerpt":{"rendered":"<p>Kim jeste\u015bmy W czym mo\u017cemy pom\u00f3c? \ud83d\ude42 Pomiar okien, pomoc w doborze tkaniny oraz rodzaju rolet, szybki i profesjonalny monta\u017c, a wszystko to w rozs\u0105dnych cenach. Co mo\u017cemy powiedzie\u0107 o sobie? Lubimy wyzwania ,dlatego zadowolenie naszych klient\u00f3w nap\u0119dza nas do&#8230;<\/p>\n","protected":false},"author":3,"featured_media":0,"parent":0,"menu_order":0,"comment_status":"closed","ping_status":"open","template":"","meta":[],"_links":{"self":[{"href":"https:\/\/studioroletka.pl\/index.php\/wp-json\/wp\/v2\/pages\/2"}],"collection":[{"href":"https:\/\/studioroletka.pl\/index.php\/wp-json\/wp\/v2\/pages"}],"about":[{"href":"https:\/\/studioroletka.pl\/index.php\/wp-json\/wp\/v2\/types\/page"}],"author":[{"embeddable":true,"href":"https:\/\/studioroletka.pl\/index.php\/wp-json\/wp\/v2\/users\/3"}],"replies":[{"embeddable":true,"href":"https:\/\/studioroletka.pl\/index.php\/wp-json\/wp\/v2\/comments?post=2"}],"version-history":[{"count":36,"href":"https:\/\/studioroletka.pl\/index.php\/wp-json\/wp\/v2\/pages\/2\/revisions"}],"predecessor-version":[{"id":14237,"href":"https:\/\/studioroletka.pl\/index.php\/wp-json\/wp\/v2\/pages\/2\/revisions\/14237"}],"wp:attachment":[{"href":"https:\/\/studioroletka.pl\/index.php\/wp-json\/wp\/v2\/media?parent=2"}],"curies":[{"name":"wp","href":"https:\/\/api.w.org\/{rel}","templated":true}]}}