{"id":13647,"date":"2020-10-24T16:57:35","date_gmt":"2020-10-24T14:57:35","guid":{"rendered":"http:\/\/studioroletka.pl\/?page_id=13647"},"modified":"2021-04-02T12:44:11","modified_gmt":"2021-04-02T10:44:11","slug":"rolety-dachowe","status":"publish","type":"page","link":"https:\/\/studioroletka.pl\/index.php\/rolety-dachowe\/","title":{"rendered":"Rolety Dachowe"},"content":{"rendered":"\t\t<div data-elementor-type=\"wp-page\" data-elementor-id=\"13647\" class=\"elementor elementor-13647\">\n\t\t\t\t\t\t<div class=\"elementor-inner\">\n\t\t\t\t<div class=\"elementor-section-wrap\">\n\t\t\t\t\t\t\t\t\t<section class=\"elementor-section elementor-top-section elementor-element elementor-element-c30d5b9 elementor-section-stretched elementor-section-boxed elementor-section-height-default elementor-section-height-default\" data-id=\"c30d5b9\" data-element_type=\"section\" data-settings=\"{&quot;stretch_section&quot;:&quot;section-stretched&quot;,&quot;shape_divider_top&quot;:&quot;tilt&quot;}\">\n\t\t\t\t\t<div class=\"elementor-shape elementor-shape-top\" data-negative=\"false\">\n\t\t\t<svg xmlns=\"http:\/\/www.w3.org\/2000\/svg\" viewBox=\"0 0 1000 100\" preserveAspectRatio=\"none\">\n\t<path class=\"elementor-shape-fill\" d=\"M0,6V0h1000v100L0,6z\"\/>\n<\/svg>\t\t<\/div>\n\t\t\t\t\t<div class=\"elementor-container elementor-column-gap-default\">\n\t\t\t\t\t\t\t<div class=\"elementor-row\">\n\t\t\t\t\t<div class=\"elementor-column elementor-col-100 elementor-top-column elementor-element elementor-element-5c179de\" data-id=\"5c179de\" data-element_type=\"column\">\n\t\t\t<div class=\"elementor-column-wrap elementor-element-populated\">\n\t\t\t\t\t\t\t<div class=\"elementor-widget-wrap\">\n\t\t\t\t\t\t<div class=\"elementor-element elementor-element-d3d80e9 pix-scale-in-sm elementor-widget elementor-widget-pix-card-wide\" data-id=\"d3d80e9\" data-element_type=\"widget\" data-widget_type=\"pix-card-wide.default\">\n\t\t\t\t<div class=\"elementor-widget-container\">\n\t\t\t<div class=\"card overflow-hidden row no-gutters flex-column flex-md-row flex-md-row-reverse    shadow-lg shadow-hover-lg fly-sm \" ><div class=\"flex-column col-md-6\"><img decoding=\"async\" class=\"card-img rounded-0 pix-fit-cover flex-grow-1 h-100\" src=\"https:\/\/studioroletka.pl\/wp-content\/uploads\/2020\/10\/rolety_dach.jpg\" alt=\"Rolety Dachowe\" \/><\/div><div class=\"card-body d-flex align-content-between flex-wrap col-md-6 p-lg-5 p-md-5 p-4\"><div class=\"d-flex align-items-start\"><div><h2 style=\"color:;\" class=\"font-weight-bold text-custom mb-3\">Rolety Dachowe<\/h2><\/div><\/div><div class=\"d-flex align-items-end\"><div><p class=\"text-body-default text-sm text-left mb-0\" >Rolety dachowe to istotny element ka\u017cdego poddasza. Nasze rolety dachowe wykonane s\u0105 z tych samych tkanin, co rolety materia\u0142owe. R\u00f3\u017cnica w monta\u017cu polega na tym, \u017ce do ramy okiennej mocowana jest aluminiowa obudowa, w kt\u00f3rej pracuje roleta. Tkanina mo\u017ce znajdowa\u0107 si\u0119 w dowolnej pozycji, ze wzgl\u0119du na zastosowany mechanizm spr\u0119\u017cynowy z hamulcem. Rolety dachowe wykonujemy jedynie na okna VELUX oraz FAKRO<\/p><\/div><\/div><\/div><\/div>\n\t\t<\/div>\n\t\t\t\t<\/div>\n\t\t\t\t<section class=\"elementor-section elementor-inner-section elementor-element elementor-element-5f166fa elementor-section-boxed elementor-section-height-default elementor-section-height-default\" data-id=\"5f166fa\" data-element_type=\"section\">\n\t\t\t\t\t\t<div class=\"elementor-container elementor-column-gap-default\">\n\t\t\t\t\t\t\t<div class=\"elementor-row\">\n\t\t\t\t\t<div class=\"elementor-column elementor-col-50 elementor-inner-column elementor-element elementor-element-f1cb84f\" data-id=\"f1cb84f\" data-element_type=\"column\">\n\t\t\t<div class=\"elementor-column-wrap elementor-element-populated\">\n\t\t\t\t\t\t\t<div class=\"elementor-widget-wrap\">\n\t\t\t\t\t\t<div class=\"elementor-element elementor-element-9adfd66 elementor-widget elementor-widget-pix-button\" data-id=\"9adfd66\" data-element_type=\"widget\" data-widget_type=\"pix-button.default\">\n\t\t\t\t<div class=\"elementor-widget-container\">\n\t\t\t<a href=\"callto:+48535550071\" class=\"btn m-0    btn-green d-block w-100  pix-hover-item       animate-in btn-md\"   data-anim-type=\"fade-in-left\" data-anim-delay=\"600\" ><i class=\"font-weight-bold pixicon-smartphone  pix-hover-left  mr-1\"><\/i> <span class=\"font-weight-bold \" >Zadzwo\u0144<\/span><\/a>\t\t<\/div>\n\t\t\t\t<\/div>\n\t\t\t\t\t\t<\/div>\n\t\t\t\t\t<\/div>\n\t\t<\/div>\n\t\t\t\t<div class=\"elementor-column elementor-col-50 elementor-inner-column elementor-element elementor-element-aa535b8\" data-id=\"aa535b8\" data-element_type=\"column\">\n\t\t\t<div class=\"elementor-column-wrap elementor-element-populated\">\n\t\t\t\t\t\t\t<div class=\"elementor-widget-wrap\">\n\t\t\t\t\t\t<div class=\"elementor-element elementor-element-ef93c9b elementor-widget elementor-widget-pix-button\" data-id=\"ef93c9b\" data-element_type=\"widget\" data-widget_type=\"pix-button.default\">\n\t\t\t\t<div class=\"elementor-widget-container\">\n\t\t\t<a href=\"http:\/\/studioroletka.pl\/index.php\/kontakt\/\" class=\"btn m-0    btn-yellow d-block w-100  pix-hover-item       animate-in btn-md\"   data-anim-type=\"fade-in-left\" data-anim-delay=\"600\" ><i class=\"font-weight-bold pixicon-email-2  pix-hover-left  mr-1\"><\/i> <span class=\"font-weight-bold \" >Zapytaj o ofert\u0119<\/span><\/a>\t\t<\/div>\n\t\t\t\t<\/div>\n\t\t\t\t\t\t<\/div>\n\t\t\t\t\t<\/div>\n\t\t<\/div>\n\t\t\t\t\t\t\t\t<\/div>\n\t\t\t\t\t<\/div>\n\t\t<\/section>\n\t\t\t\t\t\t<\/div>\n\t\t\t\t\t<\/div>\n\t\t<\/div>\n\t\t\t\t\t\t\t\t<\/div>\n\t\t\t\t\t<\/div>\n\t\t<\/section>\n\t\t\t\t<section class=\"elementor-section elementor-top-section elementor-element elementor-element-296f28c elementor-section-boxed elementor-section-height-default elementor-section-height-default\" data-id=\"296f28c\" data-element_type=\"section\">\n\t\t\t\t\t\t<div class=\"elementor-container elementor-column-gap-default\">\n\t\t\t\t\t\t\t<div class=\"elementor-row\">\n\t\t\t\t\t<div class=\"elementor-column elementor-col-100 elementor-top-column elementor-element elementor-element-a545e44\" data-id=\"a545e44\" data-element_type=\"column\">\n\t\t\t<div class=\"elementor-column-wrap elementor-element-populated\">\n\t\t\t\t\t\t\t<div class=\"elementor-widget-wrap\">\n\t\t\t\t\t\t<div class=\"elementor-element elementor-element-9e23292 elementor-widget elementor-widget-spacer\" data-id=\"9e23292\" data-element_type=\"widget\" data-widget_type=\"spacer.default\">\n\t\t\t\t<div class=\"elementor-widget-container\">\n\t\t\t\t\t<div class=\"elementor-spacer\">\n\t\t\t<div class=\"elementor-spacer-inner\"><\/div>\n\t\t<\/div>\n\t\t\t\t<\/div>\n\t\t\t\t<\/div>\n\t\t\t\t\t\t<\/div>\n\t\t\t\t\t<\/div>\n\t\t<\/div>\n\t\t\t\t\t\t\t\t<\/div>\n\t\t\t\t\t<\/div>\n\t\t<\/section>\n\t\t\t\t<section class=\"elementor-section elementor-top-section elementor-element elementor-element-b6a1110 elementor-section-boxed elementor-section-height-default elementor-section-height-default\" data-id=\"b6a1110\" data-element_type=\"section\">\n\t\t\t\t\t\t<div class=\"elementor-container elementor-column-gap-default\">\n\t\t\t\t\t\t\t<div class=\"elementor-row\">\n\t\t\t\t\t<div class=\"elementor-column elementor-col-100 elementor-top-column elementor-element elementor-element-99166da\" data-id=\"99166da\" data-element_type=\"column\">\n\t\t\t<div class=\"elementor-column-wrap elementor-element-populated\">\n\t\t\t\t\t\t\t<div class=\"elementor-widget-wrap\">\n\t\t\t\t\t\t<div class=\"elementor-element elementor-element-986d596 elementor-widget elementor-widget-spacer\" data-id=\"986d596\" data-element_type=\"widget\" data-widget_type=\"spacer.default\">\n\t\t\t\t<div class=\"elementor-widget-container\">\n\t\t\t\t\t<div class=\"elementor-spacer\">\n\t\t\t<div class=\"elementor-spacer-inner\"><\/div>\n\t\t<\/div>\n\t\t\t\t<\/div>\n\t\t\t\t<\/div>\n\t\t\t\t\t\t<\/div>\n\t\t\t\t\t<\/div>\n\t\t<\/div>\n\t\t\t\t\t\t\t\t<\/div>\n\t\t\t\t\t<\/div>\n\t\t<\/section>\n\t\t\t\t\t\t\t\t\t<\/div>\n\t\t\t<\/div>\n\t\t\t\t\t<\/div>\n\t\t","protected":false},"excerpt":{"rendered":"<p>Rolety Dachowe Rolety dachowe to istotny element ka\u017cdego poddasza. Nasze rolety dachowe wykonane s\u0105 z tych samych tkanin, co rolety materia\u0142owe. R\u00f3\u017cnica w monta\u017cu polega na tym, \u017ce do ramy okiennej mocowana jest aluminiowa obudowa, w kt\u00f3rej pracuje roleta. Tkanina&#8230;<\/p>\n","protected":false},"author":3,"featured_media":0,"parent":0,"menu_order":0,"comment_status":"closed","ping_status":"closed","template":"","meta":[],"_links":{"self":[{"href":"https:\/\/studioroletka.pl\/index.php\/wp-json\/wp\/v2\/pages\/13647"}],"collection":[{"href":"https:\/\/studioroletka.pl\/index.php\/wp-json\/wp\/v2\/pages"}],"about":[{"href":"https:\/\/studioroletka.pl\/index.php\/wp-json\/wp\/v2\/types\/page"}],"author":[{"embeddable":true,"href":"https:\/\/studioroletka.pl\/index.php\/wp-json\/wp\/v2\/users\/3"}],"replies":[{"embeddable":true,"href":"https:\/\/studioroletka.pl\/index.php\/wp-json\/wp\/v2\/comments?post=13647"}],"version-history":[{"count":18,"href":"https:\/\/studioroletka.pl\/index.php\/wp-json\/wp\/v2\/pages\/13647\/revisions"}],"predecessor-version":[{"id":14317,"href":"https:\/\/studioroletka.pl\/index.php\/wp-json\/wp\/v2\/pages\/13647\/revisions\/14317"}],"wp:attachment":[{"href":"https:\/\/studioroletka.pl\/index.php\/wp-json\/wp\/v2\/media?parent=13647"}],"curies":[{"name":"wp","href":"https:\/\/api.w.org\/{rel}","templated":true}]}}