{"id":13641,"date":"2020-10-24T16:53:57","date_gmt":"2020-10-24T14:53:57","guid":{"rendered":"http:\/\/studioroletka.pl\/?page_id=13641"},"modified":"2021-04-02T12:41:27","modified_gmt":"2021-04-02T10:41:27","slug":"rolety-materialowe-2","status":"publish","type":"page","link":"https:\/\/studioroletka.pl\/index.php\/rolety-materialowe-2\/","title":{"rendered":"Rolety Materia\u0142owe"},"content":{"rendered":"\t\t<div data-elementor-type=\"wp-page\" data-elementor-id=\"13641\" class=\"elementor elementor-13641\">\n\t\t\t\t\t\t<div class=\"elementor-inner\">\n\t\t\t\t<div class=\"elementor-section-wrap\">\n\t\t\t\t\t\t\t\t\t<section class=\"elementor-section elementor-top-section elementor-element elementor-element-e7cd533 elementor-section-stretched elementor-section-boxed elementor-section-height-default elementor-section-height-default\" data-id=\"e7cd533\" data-element_type=\"section\" data-settings=\"{&quot;stretch_section&quot;:&quot;section-stretched&quot;,&quot;shape_divider_top&quot;:&quot;tilt&quot;}\">\n\t\t\t\t\t<div class=\"elementor-shape elementor-shape-top\" data-negative=\"false\">\n\t\t\t<svg xmlns=\"http:\/\/www.w3.org\/2000\/svg\" viewBox=\"0 0 1000 100\" preserveAspectRatio=\"none\">\n\t<path class=\"elementor-shape-fill\" d=\"M0,6V0h1000v100L0,6z\"\/>\n<\/svg>\t\t<\/div>\n\t\t\t\t\t<div class=\"elementor-container elementor-column-gap-default\">\n\t\t\t\t\t\t\t<div class=\"elementor-row\">\n\t\t\t\t\t<div class=\"elementor-column elementor-col-100 elementor-top-column elementor-element elementor-element-4994b36\" data-id=\"4994b36\" data-element_type=\"column\">\n\t\t\t<div class=\"elementor-column-wrap elementor-element-populated\">\n\t\t\t\t\t\t\t<div class=\"elementor-widget-wrap\">\n\t\t\t\t\t\t<div class=\"elementor-element elementor-element-e5509a9 pix-scale-in-sm elementor-widget elementor-widget-pix-card-wide\" data-id=\"e5509a9\" data-element_type=\"widget\" data-widget_type=\"pix-card-wide.default\">\n\t\t\t\t<div class=\"elementor-widget-container\">\n\t\t\t<div class=\"card overflow-hidden row no-gutters flex-column flex-md-row flex-md-row-reverse    shadow-lg shadow-hover-lg fly-sm \" ><div class=\"flex-column col-md-6\"><img decoding=\"async\" class=\"card-img rounded-0 pix-fit-cover flex-grow-1 h-100\" src=\"https:\/\/studioroletka.pl\/wp-content\/uploads\/2020\/10\/slider_rolety__materialowe-e1692878651781.jpg\" alt=\"Rolety materia\u0142owe\" \/><\/div><div class=\"card-body d-flex align-content-between flex-wrap col-md-6 p-lg-5 p-md-5 p-4\"><div class=\"d-flex align-items-start\"><div><h2 style=\"color:;\" class=\"font-weight-bold text-custom mb-3\">Rolety materia\u0142owe<\/h2><\/div><\/div><div class=\"d-flex align-items-end\"><div><p class=\"text-body-default text-sm text-left mb-0\" >Nasze rolety materia\u0142owe to przede wszystkim porz\u0105dna tkanina, pochodz\u0105ca wy\u0142\u0105cznie od polskich producent\u00f3w. Nie ma tutaj miejsca na nisk\u0105 jako\u015b\u0107, dlatego jeste\u015bmy pewni, \u017ce Ci si\u0119 spodobaj\u0105.Jest to najbardziej klasyczne rozwi\u0105zanie, ale nie bez powodu go\u015bci w setkach dom\u00f3w. Klasyczna roleta materia\u0142owa to nie jest tylko kawa\u0142ek tkaniny. To porz\u0105dny system daj\u0105cy mas\u0119 mo\u017cliwo\u015bci. Zas\u0142oni\u0119cie si\u0119 przed gapiami, ca\u0142kowite zaciemnienie pomieszczenia czy jako ostatni element dekoracji mieszkania. Zawsze znajdzie si\u0119 dla nich zastosowanie.<\/p><\/div><\/div><\/div><\/div>\n\t\t<\/div>\n\t\t\t\t<\/div>\n\t\t\t\t<section class=\"elementor-section elementor-inner-section elementor-element elementor-element-fce7c4a elementor-section-boxed elementor-section-height-default elementor-section-height-default\" data-id=\"fce7c4a\" data-element_type=\"section\">\n\t\t\t\t\t\t<div class=\"elementor-container elementor-column-gap-default\">\n\t\t\t\t\t\t\t<div class=\"elementor-row\">\n\t\t\t\t\t<div class=\"elementor-column elementor-col-50 elementor-inner-column elementor-element elementor-element-1c48880\" data-id=\"1c48880\" data-element_type=\"column\">\n\t\t\t<div class=\"elementor-column-wrap elementor-element-populated\">\n\t\t\t\t\t\t\t<div class=\"elementor-widget-wrap\">\n\t\t\t\t\t\t<div class=\"elementor-element elementor-element-91d7b2e elementor-widget elementor-widget-pix-button\" data-id=\"91d7b2e\" data-element_type=\"widget\" data-widget_type=\"pix-button.default\">\n\t\t\t\t<div class=\"elementor-widget-container\">\n\t\t\t<a href=\"callto:+48535550071\" class=\"btn m-0    btn-green d-block w-100  pix-hover-item       animate-in btn-md\"   data-anim-type=\"fade-in-left\" data-anim-delay=\"600\" ><i class=\"font-weight-bold pixicon-smartphone  pix-hover-left  mr-1\"><\/i> <span class=\"font-weight-bold \" >Zadzwo\u0144<\/span><\/a>\t\t<\/div>\n\t\t\t\t<\/div>\n\t\t\t\t\t\t<\/div>\n\t\t\t\t\t<\/div>\n\t\t<\/div>\n\t\t\t\t<div class=\"elementor-column elementor-col-50 elementor-inner-column elementor-element elementor-element-9a059e2\" data-id=\"9a059e2\" data-element_type=\"column\">\n\t\t\t<div class=\"elementor-column-wrap elementor-element-populated\">\n\t\t\t\t\t\t\t<div class=\"elementor-widget-wrap\">\n\t\t\t\t\t\t<div class=\"elementor-element elementor-element-3834b66 elementor-widget elementor-widget-pix-button\" data-id=\"3834b66\" data-element_type=\"widget\" data-widget_type=\"pix-button.default\">\n\t\t\t\t<div class=\"elementor-widget-container\">\n\t\t\t<a href=\"http:\/\/studioroletka.pl\/index.php\/kontakt\/\" class=\"btn m-0    btn-yellow d-block w-100  pix-hover-item       animate-in btn-md\"   data-anim-type=\"fade-in-left\" data-anim-delay=\"600\" ><i class=\"font-weight-bold pixicon-email-2  pix-hover-left  mr-1\"><\/i> <span class=\"font-weight-bold \" >Zapytaj o ofert\u0119<\/span><\/a>\t\t<\/div>\n\t\t\t\t<\/div>\n\t\t\t\t\t\t<\/div>\n\t\t\t\t\t<\/div>\n\t\t<\/div>\n\t\t\t\t\t\t\t\t<\/div>\n\t\t\t\t\t<\/div>\n\t\t<\/section>\n\t\t\t\t\t\t<\/div>\n\t\t\t\t\t<\/div>\n\t\t<\/div>\n\t\t\t\t\t\t\t\t<\/div>\n\t\t\t\t\t<\/div>\n\t\t<\/section>\n\t\t\t\t<section class=\"elementor-section elementor-top-section elementor-element elementor-element-e51145c elementor-section-boxed elementor-section-height-default elementor-section-height-default\" data-id=\"e51145c\" data-element_type=\"section\">\n\t\t\t\t\t\t<div class=\"elementor-container elementor-column-gap-default\">\n\t\t\t\t\t\t\t<div class=\"elementor-row\">\n\t\t\t\t\t<div class=\"elementor-column elementor-col-100 elementor-top-column elementor-element elementor-element-3a3198b\" data-id=\"3a3198b\" data-element_type=\"column\">\n\t\t\t<div class=\"elementor-column-wrap elementor-element-populated\">\n\t\t\t\t\t\t\t<div class=\"elementor-widget-wrap\">\n\t\t\t\t\t\t<div class=\"elementor-element elementor-element-1fef758 elementor-widget elementor-widget-spacer\" data-id=\"1fef758\" data-element_type=\"widget\" data-widget_type=\"spacer.default\">\n\t\t\t\t<div class=\"elementor-widget-container\">\n\t\t\t\t\t<div class=\"elementor-spacer\">\n\t\t\t<div class=\"elementor-spacer-inner\"><\/div>\n\t\t<\/div>\n\t\t\t\t<\/div>\n\t\t\t\t<\/div>\n\t\t\t\t<div class=\"elementor-element elementor-element-5cd7b23 elementor-widget elementor-widget-spacer\" data-id=\"5cd7b23\" data-element_type=\"widget\" data-widget_type=\"spacer.default\">\n\t\t\t\t<div class=\"elementor-widget-container\">\n\t\t\t\t\t<div class=\"elementor-spacer\">\n\t\t\t<div class=\"elementor-spacer-inner\"><\/div>\n\t\t<\/div>\n\t\t\t\t<\/div>\n\t\t\t\t<\/div>\n\t\t\t\t\t\t<\/div>\n\t\t\t\t\t<\/div>\n\t\t<\/div>\n\t\t\t\t\t\t\t\t<\/div>\n\t\t\t\t\t<\/div>\n\t\t<\/section>\n\t\t\t\t\t\t\t\t\t<\/div>\n\t\t\t<\/div>\n\t\t\t\t\t<\/div>\n\t\t","protected":false},"excerpt":{"rendered":"<p>Rolety materia\u0142owe Nasze rolety materia\u0142owe to przede wszystkim porz\u0105dna tkanina, pochodz\u0105ca wy\u0142\u0105cznie od polskich producent\u00f3w. Nie ma tutaj miejsca na nisk\u0105 jako\u015b\u0107, dlatego jeste\u015bmy pewni, \u017ce Ci si\u0119 spodobaj\u0105.Jest to najbardziej klasyczne rozwi\u0105zanie, ale nie bez powodu go\u015bci w setkach&#8230;<\/p>\n","protected":false},"author":3,"featured_media":0,"parent":0,"menu_order":0,"comment_status":"closed","ping_status":"closed","template":"","meta":[],"_links":{"self":[{"href":"https:\/\/studioroletka.pl\/index.php\/wp-json\/wp\/v2\/pages\/13641"}],"collection":[{"href":"https:\/\/studioroletka.pl\/index.php\/wp-json\/wp\/v2\/pages"}],"about":[{"href":"https:\/\/studioroletka.pl\/index.php\/wp-json\/wp\/v2\/types\/page"}],"author":[{"embeddable":true,"href":"https:\/\/studioroletka.pl\/index.php\/wp-json\/wp\/v2\/users\/3"}],"replies":[{"embeddable":true,"href":"https:\/\/studioroletka.pl\/index.php\/wp-json\/wp\/v2\/comments?post=13641"}],"version-history":[{"count":27,"href":"https:\/\/studioroletka.pl\/index.php\/wp-json\/wp\/v2\/pages\/13641\/revisions"}],"predecessor-version":[{"id":14305,"href":"https:\/\/studioroletka.pl\/index.php\/wp-json\/wp\/v2\/pages\/13641\/revisions\/14305"}],"wp:attachment":[{"href":"https:\/\/studioroletka.pl\/index.php\/wp-json\/wp\/v2\/media?parent=13641"}],"curies":[{"name":"wp","href":"https:\/\/api.w.org\/{rel}","templated":true}]}}