{"id":13443,"date":"2020-10-20T22:58:43","date_gmt":"2020-10-20T20:58:43","guid":{"rendered":"http:\/\/studioroletka.pl\/?page_id=13443"},"modified":"2026-01-21T14:23:40","modified_gmt":"2026-01-21T13:23:40","slug":"kontakt","status":"publish","type":"page","link":"https:\/\/studioroletka.pl\/index.php\/kontakt\/","title":{"rendered":"Kontakt"},"content":{"rendered":"\t\t<div data-elementor-type=\"wp-page\" data-elementor-id=\"13443\" class=\"elementor elementor-13443\">\n\t\t\t\t\t\t<div class=\"elementor-inner\">\n\t\t\t\t<div class=\"elementor-section-wrap\">\n\t\t\t\t\t\t\t\t\t<section class=\"elementor-section elementor-top-section elementor-element elementor-element-76e01f5b elementor-section-stretched elementor-section-boxed elementor-section-height-default elementor-section-height-default\" data-id=\"76e01f5b\" data-element_type=\"section\" data-settings=\"{&quot;stretch_section&quot;:&quot;section-stretched&quot;,&quot;background_background&quot;:&quot;classic&quot;}\">\n\t\t\t\t\t\t<div class=\"elementor-container elementor-column-gap-default\">\n\t\t\t\t\t\t\t<div class=\"elementor-row\">\n\t\t\t\t\t<div class=\"elementor-column elementor-col-33 elementor-top-column elementor-element elementor-element-5d3c2b28\" data-id=\"5d3c2b28\" data-element_type=\"column\">\n\t\t\t<div class=\"elementor-column-wrap elementor-element-populated\">\n\t\t\t\t\t\t\t<div class=\"elementor-widget-wrap\">\n\t\t\t\t\t\t<div class=\"elementor-element elementor-element-3a18e631 elementor-widget elementor-widget-pix-sliding-text\" data-id=\"3a18e631\" data-element_type=\"widget\" data-widget_type=\"pix-sliding-text.default\">\n\t\t\t\t<div class=\"elementor-widget-container\">\n\t\t\t<div class=\"mb-3 text-left \"><h3 class=\"mb-32 pix-sliding-headline font-weight-bold body-font\" data-class=\"text-heading-default\" data-style=\"\">Kontakt z nami<\/h3><\/div>\t\t<\/div>\n\t\t\t\t<\/div>\n\t\t\t\t<div class=\"elementor-element elementor-element-6e640b68 elementor-invisible elementor-widget elementor-widget-pix-feature\" data-id=\"6e640b68\" data-element_type=\"widget\" data-widget_type=\"pix-feature.default\">\n\t\t\t\t<div class=\"elementor-widget-container\">\n\t\t\t<div class=\"media \"><div class=\"rounded-circle d-inline-block mr-3 feature_img bg-gradient-primary-light animate-in\" data-anim-type=\"fade-in-up\" data-anim-delay=\"400\" style=\" width:64.8px;height:64.8px;position:relative;line-height:64.8px;text-align:center;\"><i style=\"display:inline-block;font-size:36px;line-height:36px;\" class=\"text-orange align-middle pixicon-map-pin-1-circle\"><\/i><\/div><div class=\"media-body\"><h6 class=\"font-weight-bold   text-heading-default animate-in \" style=\"\" data-anim-type=\"fade-in-up\" data-anim-delay=\"500\">Pozna\u0144<\/h6><div class=\"text-body-default    font-weight-bold  animate-in\" style=\"padding-top:10px;\" data-anim-type=\"fade-in-up\" data-anim-delay=\"600\">Godziny otwarcia 8:00 - 16:00<\/div><\/div><\/div>\t\t<\/div>\n\t\t\t\t<\/div>\n\t\t\t\t<div class=\"elementor-element elementor-element-4aafec2 elementor-invisible elementor-widget elementor-widget-pix-feature\" data-id=\"4aafec2\" data-element_type=\"widget\" data-widget_type=\"pix-feature.default\">\n\t\t\t\t<div class=\"elementor-widget-container\">\n\t\t\t<div class=\"media \"><div class=\"rounded-circle d-inline-block mr-3 feature_img bg-gradient-primary-light animate-in\" data-anim-type=\"fade-in-up\" data-anim-delay=\"400\" style=\" width:64.8px;height:64.8px;position:relative;line-height:64.8px;text-align:center;\"><i style=\"display:inline-block;font-size:36px;line-height:36px;\" class=\"text-orange align-middle pixicon-smartphone-2\"><\/i><\/div><div class=\"media-body\"><h6 class=\"font-weight-bold   text-heading-default animate-in \" style=\"\" data-anim-type=\"fade-in-up\" data-anim-delay=\"500\">Zadzwo\u0144<\/h6><div class=\"text-body-default    font-weight-bold  animate-in\" style=\"padding-top:10px;\" data-anim-type=\"fade-in-up\" data-anim-delay=\"600\">+48 535 550 071<\/div><\/div><\/div>\t\t<\/div>\n\t\t\t\t<\/div>\n\t\t\t\t<div class=\"elementor-element elementor-element-5df4911b elementor-invisible elementor-widget elementor-widget-pix-feature\" data-id=\"5df4911b\" data-element_type=\"widget\" data-widget_type=\"pix-feature.default\">\n\t\t\t\t<div class=\"elementor-widget-container\">\n\t\t\t<div class=\"media \"><div class=\"rounded-circle d-inline-block mr-3 feature_img bg-gradient-primary-light animate-in\" data-anim-type=\"fade-in-up\" data-anim-delay=\"400\" style=\" width:64.8px;height:64.8px;position:relative;line-height:64.8px;text-align:center;\"><i style=\"display:inline-block;font-size:36px;line-height:36px;\" class=\"text-orange align-middle pixicon-email-1\"><\/i><\/div><div class=\"media-body\"><h6 class=\"font-weight-bold   text-heading-default animate-in \" style=\"\" data-anim-type=\"fade-in-up\" data-anim-delay=\"500\">Wy\u015blij nam e-mail<\/h6><div class=\"text-body-default    font-weight-bold  animate-in\" style=\"padding-top:10px;\" data-anim-type=\"fade-in-up\" data-anim-delay=\"600\">biuro@studioroletka.pl<\/div><\/div><\/div>\t\t<\/div>\n\t\t\t\t<\/div>\n\t\t\t\t<div class=\"elementor-element elementor-element-5faec21 elementor-widget elementor-widget-spacer\" data-id=\"5faec21\" data-element_type=\"widget\" data-widget_type=\"spacer.default\">\n\t\t\t\t<div class=\"elementor-widget-container\">\n\t\t\t\t\t<div class=\"elementor-spacer\">\n\t\t\t<div class=\"elementor-spacer-inner\"><\/div>\n\t\t<\/div>\n\t\t\t\t<\/div>\n\t\t\t\t<\/div>\n\t\t\t\t\t\t<\/div>\n\t\t\t\t\t<\/div>\n\t\t<\/div>\n\t\t\t\t<div class=\"elementor-column elementor-col-33 elementor-top-column elementor-element elementor-element-5e475034\" data-id=\"5e475034\" data-element_type=\"column\">\n\t\t\t<div class=\"elementor-column-wrap elementor-element-populated\">\n\t\t\t\t\t\t\t<div class=\"elementor-widget-wrap\">\n\t\t\t\t\t\t<div class=\"elementor-element elementor-element-96562c6 elementor-widget elementor-widget-pix-sliding-text\" data-id=\"96562c6\" data-element_type=\"widget\" data-widget_type=\"pix-sliding-text.default\">\n\t\t\t\t<div class=\"elementor-widget-container\">\n\t\t\t<div class=\"mb-3 text-left \"><h6 class=\"mb-32 pix-sliding-headline font-weight-bold body-font\" data-class=\"text-heading-default\" data-style=\"\">Skorzystaj z poni\u017cszego formularza<\/h6><\/div>\t\t<\/div>\n\t\t\t\t<\/div>\n\t\t\t\t<div class=\"elementor-element elementor-element-9913196 elementor-button-align-start elementor-widget elementor-widget-form\" data-id=\"9913196\" data-element_type=\"widget\" data-settings=\"{&quot;step_next_label&quot;:&quot;Next&quot;,&quot;step_previous_label&quot;:&quot;Previous&quot;,&quot;button_width&quot;:&quot;100&quot;,&quot;step_type&quot;:&quot;number_text&quot;,&quot;step_icon_shape&quot;:&quot;circle&quot;}\" data-widget_type=\"form.default\">\n\t\t\t\t<div class=\"elementor-widget-container\">\n\t\t\t\t\t<form class=\"elementor-form\" method=\"post\" name=\"New Form\">\n\t\t\t<input type=\"hidden\" name=\"post_id\" value=\"13443\"\/>\n\t\t\t<input type=\"hidden\" name=\"form_id\" value=\"9913196\"\/>\n\t\t\t<input type=\"hidden\" name=\"referer_title\" value=\"\" \/>\n\n\t\t\t\n\t\t\t<div class=\"elementor-form-fields-wrapper elementor-labels-\">\n\t\t\t\t\t\t\t\t<div class=\"elementor-field-type-text elementor-field-group elementor-column elementor-field-group-name elementor-col-100\">\n\t\t\t\t\t\t\t\t\t\t\t\t\t<input size=\"1\" type=\"text\" name=\"form_fields[name]\" id=\"form-field-name\" class=\"elementor-field elementor-size-xs  elementor-field-textual\" placeholder=\"Imi\u0119 i nazwisko\">\n\t\t\t\t\t\t\t\t\t\t\t<\/div>\n\t\t\t\t\t\t\t\t<div class=\"elementor-field-type-email elementor-field-group elementor-column elementor-field-group-email elementor-col-100 elementor-field-required\">\n\t\t\t\t\t\t\t\t\t\t\t\t\t<input size=\"1\" type=\"email\" name=\"form_fields[email]\" id=\"form-field-email\" class=\"elementor-field elementor-size-xs  elementor-field-textual\" placeholder=\"E-mail\" required=\"required\" aria-required=\"true\">\n\t\t\t\t\t\t\t\t\t\t\t<\/div>\n\t\t\t\t\t\t\t\t<div class=\"elementor-field-type-tel elementor-field-group elementor-column elementor-field-group-field_b390c79 elementor-col-100\">\n\t\t\t\t\t\t\t<input size=\"1\" type=\"tel\" name=\"form_fields[field_b390c79]\" id=\"form-field-field_b390c79\" class=\"elementor-field elementor-size-xs  elementor-field-textual\" placeholder=\"Numer telefonu\" pattern=\"[0-9()#&amp;+*-=.]+\" title=\"Only numbers and phone characters (#, -, *, etc) are accepted.\">\n\n\t\t\t\t\t\t<\/div>\n\t\t\t\t\t\t\t\t<div class=\"elementor-field-type-select elementor-field-group elementor-column elementor-field-group-field_f5dd098 elementor-col-100 elementor-field-required\">\n\t\t\t\t\t\t\t<div class=\"elementor-field elementor-select-wrapper remove-before \">\n\t\t\t<div class=\"select-caret-down-wrapper\">\n\t\t\t\t<i aria-hidden=\"true\" class=\"eicon-caret-down\"><\/i>\t\t\t<\/div>\n\t\t\t<select name=\"form_fields[field_f5dd098]\" id=\"form-field-field_f5dd098\" class=\"elementor-field-textual elementor-size-xs\" required=\"required\" aria-required=\"true\">\n\t\t\t\t\t\t\t\t\t<option value=\"Pytanie o ofert\u0119\">Pytanie o ofert\u0119<\/option>\n\t\t\t\t\t\t\t\t\t<option value=\"Reklamacja\">Reklamacja<\/option>\n\t\t\t\t\t\t\t<\/select>\n\t\t<\/div>\n\t\t\t\t\t\t<\/div>\n\t\t\t\t\t\t\t\t<div class=\"elementor-field-type-textarea elementor-field-group elementor-column elementor-field-group-message elementor-col-100 elementor-field-required\">\n\t\t\t\t\t<textarea class=\"elementor-field-textual elementor-field  elementor-size-xs\" name=\"form_fields[message]\" id=\"form-field-message\" rows=\"4\" placeholder=\"Tre\u015b\u0107 wiadomo\u015bci\" required=\"required\" aria-required=\"true\"><\/textarea>\t\t\t\t<\/div>\n\t\t\t\t\t\t\t\t<div class=\"elementor-field-type-acceptance elementor-field-group elementor-column elementor-field-group-field_e031c62 elementor-col-100 elementor-field-required\">\n\t\t\t\t\t\t\t<div class=\"elementor-field-subgroup\">\n\t\t\t<span class=\"elementor-field-option\">\n\t\t\t\t<input type=\"checkbox\" name=\"form_fields[field_e031c62]\" id=\"form-field-field_e031c62\" class=\"elementor-field elementor-size-xs  elementor-acceptance-field\" required=\"required\" aria-required=\"true\" checked=\"checked\">\n\t\t\t\t<label for=\"form-field-field_e031c62\"><p style=\"line-height: 90%; \"><small>Wyra\u017cam zgod\u0119 na przetwarzanie moich danych osobowych przez firm\u0119 w celu udzielenia odpowiedzi na zadane pytanie i kontaktowania si\u0119 mailowo lub telefonicznie. Przys\u0142uguje mi prawo dost\u0119pu do moich danych, ich edytowania i wycofania zgody w ka\u017cdej chwili.<\/small><\/p><\/label>\t\t\t<\/span>\n\t\t<\/div>\n\t\t\t\t\t\t<\/div>\n\t\t\t\t\t\t\t\t<div class=\"elementor-field-group elementor-column elementor-field-type-submit elementor-col-100 e-form__buttons\">\n\t\t\t\t\t<button type=\"submit\" class=\"elementor-button elementor-size-sm\">\n\t\t\t\t\t\t<span >\n\t\t\t\t\t\t\t\t\t\t\t\t\t\t\t<span class=\" elementor-button-icon\">\n\t\t\t\t\t\t\t\t\t\t\t\t\t\t\t\t\t\t\t\t\t\t\t\t\t\t<\/span>\n\t\t\t\t\t\t\t\t\t\t\t\t\t\t\t\t\t\t\t\t\t\t<span class=\"elementor-button-text\">Wy\u015blij formularz<\/span>\n\t\t\t\t\t\t\t\t\t\t\t\t\t<\/span>\n\t\t\t\t\t<\/button>\n\t\t\t\t<\/div>\n\t\t\t<\/div>\n\t\t<\/form>\n\t\t\t\t<\/div>\n\t\t\t\t<\/div>\n\t\t\t\t\t\t<\/div>\n\t\t\t\t\t<\/div>\n\t\t<\/div>\n\t\t\t\t<div class=\"elementor-column elementor-col-33 elementor-top-column elementor-element elementor-element-34c9f85\" data-id=\"34c9f85\" data-element_type=\"column\">\n\t\t\t<div class=\"elementor-column-wrap\">\n\t\t\t\t\t\t\t<div class=\"elementor-widget-wrap\">\n\t\t\t\t\t\t\t\t<\/div>\n\t\t\t\t\t<\/div>\n\t\t<\/div>\n\t\t\t\t\t\t\t\t<\/div>\n\t\t\t\t\t<\/div>\n\t\t<\/section>\n\t\t\t\t\t\t\t\t\t<\/div>\n\t\t\t<\/div>\n\t\t\t\t\t<\/div>\n\t\t","protected":false},"excerpt":{"rendered":"<p>Kontakt z nami Pozna\u0144 Godziny otwarcia 8:00 &#8211; 16:00 Zadzwo\u0144 +48 535 550 071 Wy\u015blij nam e-mail biuro@studioroletka.pl Skorzystaj z poni\u017cszego formularza<\/p>\n","protected":false},"author":3,"featured_media":0,"parent":0,"menu_order":0,"comment_status":"closed","ping_status":"closed","template":"","meta":[],"_links":{"self":[{"href":"https:\/\/studioroletka.pl\/index.php\/wp-json\/wp\/v2\/pages\/13443"}],"collection":[{"href":"https:\/\/studioroletka.pl\/index.php\/wp-json\/wp\/v2\/pages"}],"about":[{"href":"https:\/\/studioroletka.pl\/index.php\/wp-json\/wp\/v2\/types\/page"}],"author":[{"embeddable":true,"href":"https:\/\/studioroletka.pl\/index.php\/wp-json\/wp\/v2\/users\/3"}],"replies":[{"embeddable":true,"href":"https:\/\/studioroletka.pl\/index.php\/wp-json\/wp\/v2\/comments?post=13443"}],"version-history":[{"count":74,"href":"https:\/\/studioroletka.pl\/index.php\/wp-json\/wp\/v2\/pages\/13443\/revisions"}],"predecessor-version":[{"id":14448,"href":"https:\/\/studioroletka.pl\/index.php\/wp-json\/wp\/v2\/pages\/13443\/revisions\/14448"}],"wp:attachment":[{"href":"https:\/\/studioroletka.pl\/index.php\/wp-json\/wp\/v2\/media?parent=13443"}],"curies":[{"name":"wp","href":"https:\/\/api.w.org\/{rel}","templated":true}]}}