{"id":13433,"date":"2020-06-16T10:47:26","date_gmt":"2020-06-16T10:47:26","guid":{"rendered":"https:\/\/essentials.pixfort.com\/corporate\/?page_id=3307"},"modified":"2023-08-24T14:07:42","modified_gmt":"2023-08-24T12:07:42","slug":"strona-glowna","status":"publish","type":"page","link":"https:\/\/studioroletka.pl\/","title":{"rendered":"Home"},"content":{"rendered":"\t\t<div data-elementor-type=\"wp-page\" data-elementor-id=\"13433\" class=\"elementor elementor-13433\">\n\t\t\t\t\t\t<div class=\"elementor-inner\">\n\t\t\t\t<div class=\"elementor-section-wrap\">\n\t\t\t\t\t\t\t\t\t<section class=\"elementor-section elementor-top-section elementor-element elementor-element-1204216b elementor-section-stretched elementor-section-boxed elementor-section-height-default elementor-section-height-default\" data-id=\"1204216b\" data-element_type=\"section\" data-settings=\"{&quot;stretch_section&quot;:&quot;section-stretched&quot;,&quot;background_background&quot;:&quot;classic&quot;,&quot;shape_divider_bottom&quot;:&quot;mountains&quot;}\">\n\t\t\t\t\t\t\t<div class=\"elementor-background-overlay\"><\/div>\n\t\t\t\t\t\t<div class=\"elementor-shape elementor-shape-bottom\" data-negative=\"false\">\n\t\t\t<svg xmlns=\"http:\/\/www.w3.org\/2000\/svg\" viewBox=\"0 0 1000 100\" preserveAspectRatio=\"none\">\n\t<path class=\"elementor-shape-fill\" opacity=\"0.33\" d=\"M473,67.3c-203.9,88.3-263.1-34-320.3,0C66,119.1,0,59.7,0,59.7V0h1000v59.7 c0,0-62.1,26.1-94.9,29.3c-32.8,3.3-62.8-12.3-75.8-22.1C806,49.6,745.3,8.7,694.9,4.7S492.4,59,473,67.3z\"\/>\n\t<path class=\"elementor-shape-fill\" opacity=\"0.66\" d=\"M734,67.3c-45.5,0-77.2-23.2-129.1-39.1c-28.6-8.7-150.3-10.1-254,39.1 s-91.7-34.4-149.2,0C115.7,118.3,0,39.8,0,39.8V0h1000v36.5c0,0-28.2-18.5-92.1-18.5C810.2,18.1,775.7,67.3,734,67.3z\"\/>\n\t<path class=\"elementor-shape-fill\" d=\"M766.1,28.9c-200-57.5-266,65.5-395.1,19.5C242,1.8,242,5.4,184.8,20.6C128,35.8,132.3,44.9,89.9,52.5C28.6,63.7,0,0,0,0 h1000c0,0-9.9,40.9-83.6,48.1S829.6,47,766.1,28.9z\"\/>\n<\/svg>\t\t<\/div>\n\t\t\t\t\t<div class=\"elementor-container elementor-column-gap-default\">\n\t\t\t\t\t\t\t<div class=\"elementor-row\">\n\t\t\t\t\t<div class=\"elementor-column elementor-col-100 elementor-top-column elementor-element elementor-element-67bf3f1f\" data-id=\"67bf3f1f\" data-element_type=\"column\">\n\t\t\t<div class=\"elementor-column-wrap elementor-element-populated\">\n\t\t\t\t\t\t\t<div class=\"elementor-widget-wrap\">\n\t\t\t\t\t\t<div class=\"elementor-element elementor-element-423bab0 elementor-widget elementor-widget-spacer\" data-id=\"423bab0\" data-element_type=\"widget\" data-widget_type=\"spacer.default\">\n\t\t\t\t<div class=\"elementor-widget-container\">\n\t\t\t\t\t<div class=\"elementor-spacer\">\n\t\t\t<div class=\"elementor-spacer-inner\"><\/div>\n\t\t<\/div>\n\t\t\t\t<\/div>\n\t\t\t\t<\/div>\n\t\t\t\t<div class=\"elementor-element elementor-element-76f15fb elementor-widget elementor-widget-pix-sliding-text\" data-id=\"76f15fb\" data-element_type=\"widget\" data-widget_type=\"pix-sliding-text.default\">\n\t\t\t\t<div class=\"elementor-widget-container\">\n\t\t\t<div class=\"mb-3 text-center \"><div class=\"d-inline-block\" style=\"max-width:700px;\"><h1 class=\"mb-32 pix-sliding-headline font-weight-bold secondary-font\" data-class=\"text-white\" data-style=\"\">Doskona\u0142e rolety na ka\u017cde okno<\/h1><\/div><\/div>\t\t<\/div>\n\t\t\t\t<\/div>\n\t\t\t\t<div class=\"elementor-element elementor-element-1ce279c4 elementor-widget__width-auto elementor-widget elementor-widget-pix-button\" data-id=\"1ce279c4\" data-element_type=\"widget\" data-widget_type=\"pix-button.default\">\n\t\t\t\t<div class=\"elementor-widget-container\">\n\t\t\t<a href=\"http:\/\/studioroletka.pl\/index.php\/oferta\/\" class=\"btn m-0    shadow-sm text-heading-default btn-white d-inline-block pix-hover-item       animate-in btn-md\"   data-anim-type=\"fade-in-left\" data-anim-delay=\"600\" ><i class=\"font-weight-bold pixicon-bag-2  pix-hover-left  mr-1\"><\/i> <span class=\"font-weight-bold \" >Zobacz ofert\u0119<\/span><\/a>\t\t<\/div>\n\t\t\t\t<\/div>\n\t\t\t\t<div class=\"elementor-element elementor-element-5026dcc2 elementor-widget__width-auto elementor-widget elementor-widget-pix-button\" data-id=\"5026dcc2\" data-element_type=\"widget\" data-widget_type=\"pix-button.default\">\n\t\t\t\t<div class=\"elementor-widget-container\">\n\t\t\t<a href=\"http:\/\/studioroletka.pl\/index.php\/kontakt\/\" class=\"btn m-0    shadow-sm  bg-light-opacity-2 btn-primary btn-custom-bg  d-inline-block pix-hover-item       animate-in btn-md\"   data-anim-type=\"fade-in-left\" data-anim-delay=\"800\" ><i class=\"font-weight-bold pixicon-phone  pix-hover-left  mr-1\"><\/i> <span class=\"font-weight-bold \" >Kontakt z nami<\/span><\/a>\t\t<\/div>\n\t\t\t\t<\/div>\n\t\t\t\t\t\t<\/div>\n\t\t\t\t\t<\/div>\n\t\t<\/div>\n\t\t\t\t\t\t\t\t<\/div>\n\t\t\t\t\t<\/div>\n\t\t<\/section>\n\t\t\t\t<section class=\"elementor-section elementor-top-section elementor-element elementor-element-7437a453 elementor-section-full_width elementor-section-height-default elementor-section-height-default\" data-id=\"7437a453\" data-element_type=\"section\">\n\t\t\t\t\t\t<div class=\"elementor-container elementor-column-gap-default\">\n\t\t\t\t\t\t\t<div class=\"elementor-row\">\n\t\t\t\t\t<div class=\"elementor-column elementor-col-100 elementor-top-column elementor-element elementor-element-4c43e06d\" data-id=\"4c43e06d\" data-element_type=\"column\">\n\t\t\t<div class=\"elementor-column-wrap elementor-element-populated\">\n\t\t\t\t\t\t\t<div class=\"elementor-widget-wrap\">\n\t\t\t\t\t\t<div class=\"elementor-element elementor-element-dd6f09a elementor-widget elementor-widget-pix-badge\" data-id=\"dd6f09a\" data-element_type=\"widget\" data-widget_type=\"pix-badge.default\">\n\t\t\t\t<div class=\"elementor-widget-container\">\n\t\t\t<div class=\"pix-element-div w-100 text-center\"><h6 class=\"d-inline-block mr-1 \"  ><span class=\"badge font-weight-bold bg-orange  \" style=\" \"><span class=\"text-white\" style=\"\">Oferta<\/span><\/span><\/h6><\/div>\t\t<\/div>\n\t\t\t\t<\/div>\n\t\t\t\t<div class=\"elementor-element elementor-element-1f8fb5f3 elementor-invisible elementor-widget elementor-widget-pix-text\" data-id=\"1f8fb5f3\" data-element_type=\"widget\" data-widget_type=\"pix-text.default\">\n\t\t\t\t<div class=\"elementor-widget-container\">\n\t\t\t<div class=\"slide-in-container w-100 text-center \" ><div class=\"d-inline-block\" style=\"max-width:600px;\"><p class=\"text-20  text-orange text-center \" ><span class=\"animate-in d-inline-block\" data-anim-delay=\"1000\" data-anim-type=\"fade-in-up\">Doradzimy Tobie najkorzystniejsze rozwi\u0105zania. \n<br>Zobacz ofert\u0119 naszych rolet<\/span><\/p><\/div><\/div>\t\t<\/div>\n\t\t\t\t<\/div>\n\t\t\t\t<section class=\"elementor-section elementor-inner-section elementor-element elementor-element-1da982ac elementor-section-boxed elementor-section-height-default elementor-section-height-default\" data-id=\"1da982ac\" data-element_type=\"section\">\n\t\t\t\t\t\t<div class=\"elementor-container elementor-column-gap-default\">\n\t\t\t\t\t\t\t<div class=\"elementor-row\">\n\t\t\t\t\t<div class=\"elementor-column elementor-col-50 elementor-inner-column elementor-element elementor-element-4f605dc1\" data-id=\"4f605dc1\" data-element_type=\"column\">\n\t\t\t<div class=\"elementor-column-wrap elementor-element-populated\">\n\t\t\t\t\t\t\t<div class=\"elementor-widget-wrap\">\n\t\t\t\t\t\t<div class=\"elementor-element elementor-element-2a78017e elementor-invisible elementor-widget elementor-widget-pix-photo-box\" data-id=\"2a78017e\" data-element_type=\"widget\" data-widget_type=\"pix-photo-box.default\">\n\t\t\t\t<div class=\"elementor-widget-container\">\n\t\t\t<div class=\"animate-in d-inline-block w-100\" data-anim-type=\"fade-in-up\" data-anim-delay=\"400\"><div class=\"card w-100 h-100 bg-heading-default bg-transparent  text-left w-100 d-inline-block pix-hover-item rounded-lg position-relative overflow-hidden text-white  text-left w-100 d-inline-block\" data-anim-type=\"fade-in-up\" data-anim-delay=\"400\" >\n\t\t  <img decoding=\"async\" src=\"https:\/\/studioroletka.pl\/wp-content\/plugins\/pixfort-core\/functions\/images\/placeholder.png\" data-srcset=\"https:\/\/studioroletka.pl\/wp-content\/uploads\/2020\/10\/rolety-dzien-noc-do-kuchni-300x200.jpeg 300w, https:\/\/studioroletka.pl\/wp-content\/uploads\/2020\/10\/rolety-dzien-noc-do-kuchni-1024x683.jpeg 1024w, https:\/\/studioroletka.pl\/wp-content\/uploads\/2020\/10\/rolety-dzien-noc-do-kuchni-768x512.jpeg 768w, https:\/\/studioroletka.pl\/wp-content\/uploads\/2020\/10\/rolety-dzien-noc-do-kuchni-1536x1024.jpeg 1536w, https:\/\/studioroletka.pl\/wp-content\/uploads\/2020\/10\/rolety-dzien-noc-do-kuchni-2048x1365.jpeg 2048w\" data-src=\"https:\/\/studioroletka.pl\/wp-content\/uploads\/2020\/10\/rolety-dzien-noc-do-kuchni-scaled.jpeg\" class=\"pix-lazy card-img pix-bg-image h-100 pix-img-scale pix-opacity-10 \" loading=\"lazy\" alt=\"...\">\n\t\t  <a href=\"http:\/\/studioroletka.pl\/index.php\/rolety-dzien-noc-3\/\" target=\"_blank\" class=\"card-img-overlay2 d-inline-block w-100 pix-img-overlay pix-p-10 d-flex align-items-end\" style=\"min-height:450px;\">\n\t\t  \t<div class=\"w-100\"><div class=\"card-content-box pix-p-20 rounded-lg w-100 shadow  bg-white d-flex justify-content-between align-items-center\"><h6 class=\"card-title font-weight-bold  text-heading-default m-0 w-100\" style=\"\">Rolety Dzie\u0144 Noc<\/h6><h6 class=\"pixicon-angle-right text-heading-default font-weight-bold\" style=\"\"><\/h6><\/div><\/div><\/a><\/div><\/div>\t\t<\/div>\n\t\t\t\t<\/div>\n\t\t\t\t\t\t<\/div>\n\t\t\t\t\t<\/div>\n\t\t<\/div>\n\t\t\t\t<div class=\"elementor-column elementor-col-50 elementor-inner-column elementor-element elementor-element-550e0109\" data-id=\"550e0109\" data-element_type=\"column\">\n\t\t\t<div class=\"elementor-column-wrap elementor-element-populated\">\n\t\t\t\t\t\t\t<div class=\"elementor-widget-wrap\">\n\t\t\t\t\t\t<div class=\"elementor-element elementor-element-2b014922 elementor-invisible elementor-widget elementor-widget-pix-photo-box\" data-id=\"2b014922\" data-element_type=\"widget\" data-widget_type=\"pix-photo-box.default\">\n\t\t\t\t<div class=\"elementor-widget-container\">\n\t\t\t<div class=\"animate-in d-inline-block w-100\" data-anim-type=\"fade-in-up\" data-anim-delay=\"800\"><div class=\"card w-100 h-100 bg-heading-default bg-transparent  text-left w-100 d-inline-block pix-hover-item rounded-lg position-relative overflow-hidden text-white  text-left w-100 d-inline-block\" data-anim-type=\"fade-in-up\" data-anim-delay=\"800\" >\n\t\t  <img decoding=\"async\" src=\"https:\/\/studioroletka.pl\/wp-content\/plugins\/pixfort-core\/functions\/images\/placeholder.png\" data-srcset=\"https:\/\/studioroletka.pl\/wp-content\/uploads\/2020\/10\/slider_rolety__materialowe-e1692878651781-300x154.jpg 300w, https:\/\/studioroletka.pl\/wp-content\/uploads\/2020\/10\/slider_rolety__materialowe-e1692878651781-1024x527.jpg 1024w, https:\/\/studioroletka.pl\/wp-content\/uploads\/2020\/10\/slider_rolety__materialowe-e1692878651781-768x395.jpg 768w, https:\/\/studioroletka.pl\/wp-content\/uploads\/2020\/10\/slider_rolety__materialowe-e1692878651781.jpg 1087w\" data-src=\"https:\/\/studioroletka.pl\/wp-content\/uploads\/2020\/10\/slider_rolety__materialowe-e1692878651781.jpg\" class=\"pix-lazy card-img pix-bg-image h-100 pix-img-scale pix-opacity-10 \" loading=\"lazy\" alt=\"...\">\n\t\t  <a href=\"http:\/\/studioroletka.pl\/index.php\/rolety-materialowe-2\/\" target=\"_blank\" class=\"card-img-overlay2 d-inline-block w-100 pix-img-overlay pix-p-10 d-flex align-items-end\" style=\"min-height:450px;\">\n\t\t  \t<div class=\"w-100\"><div class=\"card-content-box pix-p-20 rounded-lg w-100 shadow  bg-white d-flex justify-content-between align-items-center\"><h6 class=\"card-title font-weight-bold  text-heading-default m-0 w-100\" style=\"\">Rolety G\u0142adkie<\/h6><h6 class=\"pixicon-angle-right text-heading-default font-weight-bold\" style=\"\"><\/h6><\/div><\/div><\/a><\/div><\/div>\t\t<\/div>\n\t\t\t\t<\/div>\n\t\t\t\t\t\t<\/div>\n\t\t\t\t\t<\/div>\n\t\t<\/div>\n\t\t\t\t\t\t\t\t<\/div>\n\t\t\t\t\t<\/div>\n\t\t<\/section>\n\t\t\t\t<section class=\"elementor-section elementor-inner-section elementor-element elementor-element-9fda344 elementor-section-boxed elementor-section-height-default elementor-section-height-default\" data-id=\"9fda344\" data-element_type=\"section\">\n\t\t\t\t\t\t<div class=\"elementor-container elementor-column-gap-default\">\n\t\t\t\t\t\t\t<div class=\"elementor-row\">\n\t\t\t\t\t<div class=\"elementor-column elementor-col-33 elementor-inner-column elementor-element elementor-element-f220c47\" data-id=\"f220c47\" data-element_type=\"column\">\n\t\t\t<div class=\"elementor-column-wrap elementor-element-populated\">\n\t\t\t\t\t\t\t<div class=\"elementor-widget-wrap\">\n\t\t\t\t\t\t<div class=\"elementor-element elementor-element-52ff411 elementor-invisible elementor-widget elementor-widget-pix-photo-box\" data-id=\"52ff411\" data-element_type=\"widget\" data-widget_type=\"pix-photo-box.default\">\n\t\t\t\t<div class=\"elementor-widget-container\">\n\t\t\t<div class=\"animate-in d-inline-block w-100\" data-anim-type=\"fade-in-up\" data-anim-delay=\"400\"><div class=\"card w-100 h-100 bg-heading-default bg-transparent  text-left w-100 d-inline-block pix-hover-item rounded-lg position-relative overflow-hidden text-white  text-left w-100 d-inline-block\" data-anim-type=\"fade-in-up\" data-anim-delay=\"400\" >\n\t\t  <img decoding=\"async\" src=\"https:\/\/studioroletka.pl\/wp-content\/plugins\/pixfort-core\/functions\/images\/placeholder.png\" data-srcset=\"https:\/\/studioroletka.pl\/wp-content\/uploads\/2020\/10\/slider_rolety_dachowe-scaled-e1692878754286-280x300.jpg 280w, https:\/\/studioroletka.pl\/wp-content\/uploads\/2020\/10\/slider_rolety_dachowe-scaled-e1692878754286-956x1024.jpg 956w, https:\/\/studioroletka.pl\/wp-content\/uploads\/2020\/10\/slider_rolety_dachowe-scaled-e1692878754286-768x823.jpg 768w, https:\/\/studioroletka.pl\/wp-content\/uploads\/2020\/10\/slider_rolety_dachowe-scaled-e1692878754286-1434x1536.jpg 1434w, https:\/\/studioroletka.pl\/wp-content\/uploads\/2020\/10\/slider_rolety_dachowe-scaled-e1692878754286.jpg 1792w\" data-src=\"https:\/\/studioroletka.pl\/wp-content\/uploads\/2020\/10\/slider_rolety_dachowe-scaled-e1692878754286.jpg\" class=\"pix-lazy card-img pix-bg-image h-100 pix-img-scale pix-opacity-10 \" loading=\"lazy\" alt=\"...\">\n\t\t  <a href=\"http:\/\/studioroletka.pl\/index.php\/rolety-dachowe\/\" target=\"_blank\" class=\"card-img-overlay2 d-inline-block w-100 pix-img-overlay pix-p-10 d-flex align-items-end\" style=\"min-height:450px;\">\n\t\t  \t<div class=\"w-100\"><div class=\"card-content-box pix-p-20 rounded-lg w-100 shadow  bg-white d-flex justify-content-between align-items-center\"><h6 class=\"card-title font-weight-bold  text-heading-default m-0 w-100\" style=\"\">Rolety dachowe<\/h6><h6 class=\"pixicon-angle-right text-heading-default font-weight-bold\" style=\"\"><\/h6><\/div><\/div><\/a><\/div><\/div>\t\t<\/div>\n\t\t\t\t<\/div>\n\t\t\t\t\t\t<\/div>\n\t\t\t\t\t<\/div>\n\t\t<\/div>\n\t\t\t\t<div class=\"elementor-column elementor-col-33 elementor-inner-column elementor-element elementor-element-b5538ae\" data-id=\"b5538ae\" data-element_type=\"column\">\n\t\t\t<div class=\"elementor-column-wrap elementor-element-populated\">\n\t\t\t\t\t\t\t<div class=\"elementor-widget-wrap\">\n\t\t\t\t\t\t<div class=\"elementor-element elementor-element-495933a elementor-invisible elementor-widget elementor-widget-pix-photo-box\" data-id=\"495933a\" data-element_type=\"widget\" data-widget_type=\"pix-photo-box.default\">\n\t\t\t\t<div class=\"elementor-widget-container\">\n\t\t\t<div class=\"animate-in d-inline-block w-100\" data-anim-type=\"fade-in-up\" data-anim-delay=\"400\"><div class=\"card w-100 h-100 bg-heading-default bg-transparent  text-left w-100 d-inline-block pix-hover-item rounded-lg position-relative overflow-hidden text-white  text-left w-100 d-inline-block\" data-anim-type=\"fade-in-up\" data-anim-delay=\"400\" >\n\t\t  <img decoding=\"async\" src=\"https:\/\/studioroletka.pl\/wp-content\/plugins\/pixfort-core\/functions\/images\/placeholder.png\" data-srcset=\"https:\/\/studioroletka.pl\/wp-content\/uploads\/2020\/10\/moskitiera_ram-300x215.jpeg 300w, https:\/\/studioroletka.pl\/wp-content\/uploads\/2020\/10\/moskitiera_ram-1024x734.jpeg 1024w, https:\/\/studioroletka.pl\/wp-content\/uploads\/2020\/10\/moskitiera_ram-768x550.jpeg 768w, https:\/\/studioroletka.pl\/wp-content\/uploads\/2020\/10\/moskitiera_ram.jpeg 1200w\" data-src=\"https:\/\/studioroletka.pl\/wp-content\/uploads\/2020\/10\/moskitiera_ram.jpeg\" class=\"pix-lazy card-img pix-bg-image h-100 pix-img-scale pix-opacity-10 \" loading=\"lazy\" alt=\"...\">\n\t\t  <a href=\"http:\/\/studioroletka.pl\/index.php\/moskitiery-3\/\" target=\"_blank\" class=\"card-img-overlay2 d-inline-block w-100 pix-img-overlay pix-p-10 d-flex align-items-end\" style=\"min-height:450px;\">\n\t\t  \t<div class=\"w-100\"><div class=\"card-content-box pix-p-20 rounded-lg w-100 shadow  bg-white d-flex justify-content-between align-items-center\"><h6 class=\"card-title font-weight-bold  text-heading-default m-0 w-100\" style=\"\">Moskitiery drzwiowe<\/h6><h6 class=\"pixicon-angle-right text-heading-default font-weight-bold\" style=\"\"><\/h6><\/div><\/div><\/a><\/div><\/div>\t\t<\/div>\n\t\t\t\t<\/div>\n\t\t\t\t\t\t<\/div>\n\t\t\t\t\t<\/div>\n\t\t<\/div>\n\t\t\t\t<div class=\"elementor-column elementor-col-33 elementor-inner-column elementor-element elementor-element-098da11\" data-id=\"098da11\" data-element_type=\"column\">\n\t\t\t<div class=\"elementor-column-wrap elementor-element-populated\">\n\t\t\t\t\t\t\t<div class=\"elementor-widget-wrap\">\n\t\t\t\t\t\t<div class=\"elementor-element elementor-element-a5d0cd5 elementor-invisible elementor-widget elementor-widget-pix-photo-box\" data-id=\"a5d0cd5\" data-element_type=\"widget\" data-widget_type=\"pix-photo-box.default\">\n\t\t\t\t<div class=\"elementor-widget-container\">\n\t\t\t<div class=\"animate-in d-inline-block w-100\" data-anim-type=\"fade-in-up\" data-anim-delay=\"400\"><div class=\"card w-100 h-100 bg-heading-default bg-transparent  text-left w-100 d-inline-block pix-hover-item rounded-lg position-relative overflow-hidden text-white  text-left w-100 d-inline-block\" data-anim-type=\"fade-in-up\" data-anim-delay=\"400\" >\n\t\t  <img decoding=\"async\" src=\"https:\/\/studioroletka.pl\/wp-content\/plugins\/pixfort-core\/functions\/images\/placeholder.png\" data-srcset=\"https:\/\/studioroletka.pl\/wp-content\/uploads\/2023\/08\/3d029510eff774e25544c0abc464902a-225x300.jpg 225w, https:\/\/studioroletka.pl\/wp-content\/uploads\/2023\/08\/3d029510eff774e25544c0abc464902a.jpg 563w\" data-src=\"https:\/\/studioroletka.pl\/wp-content\/uploads\/2023\/08\/3d029510eff774e25544c0abc464902a.jpg\" class=\"pix-lazy card-img pix-bg-image h-100 pix-img-scale pix-opacity-10 \" loading=\"lazy\" alt=\"...\">\n\t\t  <a href=\"http:\/\/studioroletka.pl\/index.php\/moskitiery-3\/\" target=\"_blank\" class=\"card-img-overlay2 d-inline-block w-100 pix-img-overlay pix-p-10 d-flex align-items-end\" style=\"min-height:450px;\">\n\t\t  \t<div class=\"w-100\"><div class=\"card-content-box pix-p-20 rounded-lg w-100 shadow  bg-white d-flex justify-content-between align-items-center\"><h6 class=\"card-title font-weight-bold  text-heading-default m-0 w-100\" style=\"\">Moskitiery okienne<\/h6><h6 class=\"pixicon-angle-right text-heading-default font-weight-bold\" style=\"\"><\/h6><\/div><\/div><\/a><\/div><\/div>\t\t<\/div>\n\t\t\t\t<\/div>\n\t\t\t\t\t\t<\/div>\n\t\t\t\t\t<\/div>\n\t\t<\/div>\n\t\t\t\t\t\t\t\t<\/div>\n\t\t\t\t\t<\/div>\n\t\t<\/section>\n\t\t\t\t\t\t<\/div>\n\t\t\t\t\t<\/div>\n\t\t<\/div>\n\t\t\t\t\t\t\t\t<\/div>\n\t\t\t\t\t<\/div>\n\t\t<\/section>\n\t\t\t\t\t\t\t\t\t<\/div>\n\t\t\t<\/div>\n\t\t\t\t\t<\/div>\n\t\t","protected":false},"excerpt":{"rendered":"<p>Doskona\u0142e rolety na ka\u017cde okno Zobacz ofert\u0119 Kontakt z nami Oferta Doradzimy Tobie najkorzystniejsze rozwi\u0105zania. Zobacz ofert\u0119 naszych rolet Rolety Dzie\u0144 Noc Rolety G\u0142adkie Rolety dachowe Moskitiery drzwiowe Moskitiery okienne<\/p>\n","protected":false},"author":3,"featured_media":0,"parent":0,"menu_order":0,"comment_status":"closed","ping_status":"closed","template":"","meta":[],"_links":{"self":[{"href":"https:\/\/studioroletka.pl\/index.php\/wp-json\/wp\/v2\/pages\/13433"}],"collection":[{"href":"https:\/\/studioroletka.pl\/index.php\/wp-json\/wp\/v2\/pages"}],"about":[{"href":"https:\/\/studioroletka.pl\/index.php\/wp-json\/wp\/v2\/types\/page"}],"author":[{"embeddable":true,"href":"https:\/\/studioroletka.pl\/index.php\/wp-json\/wp\/v2\/users\/3"}],"replies":[{"embeddable":true,"href":"https:\/\/studioroletka.pl\/index.php\/wp-json\/wp\/v2\/comments?post=13433"}],"version-history":[{"count":212,"href":"https:\/\/studioroletka.pl\/index.php\/wp-json\/wp\/v2\/pages\/13433\/revisions"}],"predecessor-version":[{"id":14423,"href":"https:\/\/studioroletka.pl\/index.php\/wp-json\/wp\/v2\/pages\/13433\/revisions\/14423"}],"wp:attachment":[{"href":"https:\/\/studioroletka.pl\/index.php\/wp-json\/wp\/v2\/media?parent=13433"}],"curies":[{"name":"wp","href":"https:\/\/api.w.org\/{rel}","templated":true}]}}